{"id":149,"date":"2025-02-24T08:15:13","date_gmt":"2025-02-24T08:15:13","guid":{"rendered":"https:\/\/anasanchezcano.com\/?page_id=149"},"modified":"2025-02-24T13:53:49","modified_gmt":"2025-02-24T13:53:49","slug":"biografia","status":"publish","type":"page","link":"https:\/\/anasanchezcano.com\/index.php\/biografia\/","title":{"rendered":"Biograf\u00eda"},"content":{"rendered":"\n<div style=\"height:102px\" aria-hidden=\"true\" class=\"wp-block-spacer\"><\/div>\n\n\n\n<div class=\"wp-block-cover alignfull cover-desktop\" style=\"min-height:884px;aspect-ratio:unset;\"><span aria-hidden=\"true\" class=\"wp-block-cover__background has-background-dim-0 has-background-dim\" style=\"background-color:#281c19\"><\/span><img fetchpriority=\"high\" decoding=\"async\" width=\"1920\" height=\"1080\" class=\"wp-block-cover__image-background wp-image-154\" alt=\"\" src=\"https:\/\/anasanchezcano.com\/wp-content\/uploads\/2025\/02\/Captura-de-pantalla-2025-02-23-a-las-23.34.19.jpg\" style=\"object-position:48% 30%\" data-object-fit=\"cover\" data-object-position=\"48% 30%\" srcset=\"https:\/\/anasanchezcano.com\/wp-content\/uploads\/2025\/02\/Captura-de-pantalla-2025-02-23-a-las-23.34.19.jpg 1920w, https:\/\/anasanchezcano.com\/wp-content\/uploads\/2025\/02\/Captura-de-pantalla-2025-02-23-a-las-23.34.19-300x169.jpg 300w, https:\/\/anasanchezcano.com\/wp-content\/uploads\/2025\/02\/Captura-de-pantalla-2025-02-23-a-las-23.34.19-1024x576.jpg 1024w, https:\/\/anasanchezcano.com\/wp-content\/uploads\/2025\/02\/Captura-de-pantalla-2025-02-23-a-las-23.34.19-768x432.jpg 768w, https:\/\/anasanchezcano.com\/wp-content\/uploads\/2025\/02\/Captura-de-pantalla-2025-02-23-a-las-23.34.19-1536x864.jpg 1536w\" sizes=\"(max-width: 1920px) 100vw, 1920px\" \/><div class=\"wp-block-cover__inner-container is-layout-constrained wp-block-cover-is-layout-constrained\">\n<p class=\"has-text-align-center has-large-font-size\"><\/p>\n<\/div><\/div>\n\n\n\n<figure class=\"wp-block-image alignfull size-full cover-mobile\" id=\"cover-mobile\"><img decoding=\"async\" width=\"840\" height=\"1080\" src=\"https:\/\/anasanchezcano.com\/wp-content\/uploads\/2025\/02\/3.jpg\" alt=\"\" class=\"wp-image-170\" srcset=\"https:\/\/anasanchezcano.com\/wp-content\/uploads\/2025\/02\/3.jpg 840w, https:\/\/anasanchezcano.com\/wp-content\/uploads\/2025\/02\/3-233x300.jpg 233w, https:\/\/anasanchezcano.com\/wp-content\/uploads\/2025\/02\/3-796x1024.jpg 796w, https:\/\/anasanchezcano.com\/wp-content\/uploads\/2025\/02\/3-768x987.jpg 768w\" sizes=\"(max-width: 840px) 100vw, 840px\" \/><\/figure>\n\n\n\n<div style=\"height:71px\" aria-hidden=\"true\" class=\"wp-block-spacer\"><\/div>\n\n\n\n<div class=\"wp-block-columns alignfull is-layout-flex wp-container-core-columns-is-layout-9d6595d7 wp-block-columns-is-layout-flex\">\n<div class=\"wp-block-column is-layout-flow wp-block-column-is-layout-flow\" style=\"flex-basis:100px\"><\/div>\n\n\n\n<div class=\"wp-block-column is-layout-flow wp-block-column-is-layout-flow\">\n<figure class=\"wp-block-video aligncenter video-custom\" style=\"padding-top:0;padding-bottom:0\"><video height=\"854\" style=\"aspect-ratio: 480 \/ 854;\" width=\"480\" autoplay loop muted src=\"https:\/\/anasanchezcano.com\/wp-content\/uploads\/2025\/02\/test-ver-23.mp4\"><\/video><\/figure>\n<\/div>\n\n\n\n<div class=\"wp-block-column is-layout-flow wp-block-column-is-layout-flow\" style=\"flex-basis:15px\"><\/div>\n\n\n\n<div class=\"wp-block-column is-layout-flow wp-block-column-is-layout-flow\" style=\"font-size:56px\">\n<p class=\"has-text-align-left texto-ajustado\" style=\"font-size:23px;letter-spacing:0px\">Formada en el mundo de la m\u00fasica cl\u00e1sica como flautista y music\u00f3loga, Ana S\u00e1nchez-Cano se presenta actualmente como una voz emergente que, tras muchos a\u00f1os form\u00e1ndose interpretando diversos repertorios, hoy juega sin prejuicios con la poes\u00eda, la m\u00fasica antigua y el folclore castellano creando un estilo libre, complejo y trabajado con el que derribar barreras desde el mimo, el respeto y la expresividad.<\/p>\n\n\n\n<p class=\"has-text-align-left texto-ajustado\" style=\"font-size:23px;letter-spacing:0px\"><br>Interesada desde siempre por la m\u00fasica tradicional, se traslada a Londres al terminar sus estudios de interpretaci\u00f3n en el RCSMM para hacer el m\u00e1ster de Etnomusicolog\u00eda de la SOAS University of London. <\/p>\n\n\n\n<p class=\"has-text-align-left texto-ajustado\" style=\"font-size:23px;letter-spacing:0px\">All\u00ed entra en contacto con la m\u00fasica cubana de la mano de Lucy Dur\u00e1n y viaja a La Habana, donde recibe clases de Joaqu\u00edn Oliveros. Finaliza el m\u00e1ster con un trabajo sobre el barroco boliviano de La Chiquitan\u00eda\u2014basado en su experiencia en la Escuela de M\u00fasica San Jos\u00e9 Patriarca (Bolivia)\u2014 y un recital en el que indaga en la m\u00fasica cubana y descubre por primera vez su voz como instrumento con el que experimentar con la m\u00fasica desde otros lugares. <\/p>\n\n\n\n<p class=\"has-text-align-left texto-ajustado\" style=\"font-size:23px;letter-spacing:0px\">A partir de ah\u00ed, el canto pasar\u00e1 a ser fundamental dentro de su proceso creativo y sigue creciendo como cantante de la mano de Ver\u00f3nica Ferreiro y Miguel Manzo. En di\u00e1logo con otras disciplinas, colabora como m\u00fasica junto a La Tartana Teatro en sus espect\u00e1culos T\u00edteres al Sol e Imagina. M\u00e1s recientemente y con la misma compa\u00f1\u00eda se encarga de la creaci\u00f3n musical de El viaje de Isabela, basada en La espa\u00f1ola inglesa de Miguel de Cervantes, de cuyo elenco forma tambi\u00e9n parte interpretando la m\u00fasica en directo. Con este espect\u00e1culo, la compa\u00f1\u00eda ha recibido el primer premio en la categor\u00eda de Barroco Infantil del Festival de Almagro 2022 y actualmente es candidata a los Premios Max 2023.<\/p>\n\n\n\n<p class=\"has-text-align-left texto-ajustado\" style=\"font-size:23px;letter-spacing:0px\"><br>En 2020 da forma junto a Alejandro Maci\u00e1 a Pajarico pintado, su trabajo m\u00e1s personal. Un proyecto que parte de la musicalizaci\u00f3n de poemas y coplas renacentistas para bailar sin prejuicios sobre la fina l\u00ednea que separa la m\u00fasica antigua, el folclore y la canci\u00f3n de autor. Actualmente se encuentra en pleno proceso de grabaci\u00f3n y producci\u00f3n de lo que ser\u00e1 su primer EP.<\/p>\n\n\n\n<p class=\"has-text-align-center\" style=\"font-size:25px\"><\/p>\n<\/div>\n\n\n\n<div class=\"wp-block-column is-layout-flow wp-block-column-is-layout-flow\" style=\"flex-basis:100px\"><\/div>\n<\/div>\n","protected":false},"excerpt":{"rendered":"<p>Formada en el mundo de la m\u00fasica cl\u00e1sica como flautista y music\u00f3loga, Ana S\u00e1nchez-Cano se presenta actualmente como una voz emergente que, tras muchos a\u00f1os form\u00e1ndose interpretando diversos repertorios, hoy juega sin prejuicios con la poes\u00eda, la m\u00fasica antigua y el folclore castellano creando un estilo libre, complejo y trabajado con el que derribar barreras&hellip;&nbsp;<a href=\"https:\/\/anasanchezcano.com\/index.php\/biografia\/\" rel=\"bookmark\">Leer m\u00e1s &raquo;<span class=\"screen-reader-text\">Biograf\u00eda<\/span><\/a><\/p>\n","protected":false},"author":1,"featured_media":0,"parent":0,"menu_order":0,"comment_status":"closed","ping_status":"closed","template":"","meta":{"neve_meta_sidebar":"","neve_meta_container":"","neve_meta_enable_content_width":"","neve_meta_content_width":0,"neve_meta_title_alignment":"","neve_meta_author_avatar":"","neve_post_elements_order":"","neve_meta_disable_header":"","neve_meta_disable_footer":"","neve_meta_disable_title":"","footnotes":""},"class_list":["post-149","page","type-page","status-publish","hentry"],"_links":{"self":[{"href":"https:\/\/anasanchezcano.com\/index.php\/wp-json\/wp\/v2\/pages\/149","targetHints":{"allow":["GET"]}}],"collection":[{"href":"https:\/\/anasanchezcano.com\/index.php\/wp-json\/wp\/v2\/pages"}],"about":[{"href":"https:\/\/anasanchezcano.com\/index.php\/wp-json\/wp\/v2\/types\/page"}],"author":[{"embeddable":true,"href":"https:\/\/anasanchezcano.com\/index.php\/wp-json\/wp\/v2\/users\/1"}],"replies":[{"embeddable":true,"href":"https:\/\/anasanchezcano.com\/index.php\/wp-json\/wp\/v2\/comments?post=149"}],"version-history":[{"count":39,"href":"https:\/\/anasanchezcano.com\/index.php\/wp-json\/wp\/v2\/pages\/149\/revisions"}],"predecessor-version":[{"id":280,"href":"https:\/\/anasanchezcano.com\/index.php\/wp-json\/wp\/v2\/pages\/149\/revisions\/280"}],"wp:attachment":[{"href":"https:\/\/anasanchezcano.com\/index.php\/wp-json\/wp\/v2\/media?parent=149"}],"curies":[{"name":"wp","href":"https:\/\/api.w.org\/{rel}","templated":true}]}}